{"id":23,"date":"2020-06-03T13:20:43","date_gmt":"2020-06-03T10:20:43","guid":{"rendered":"http:\/\/demo.safirtema.com\/rota\/?page_id=23"},"modified":"2025-10-09T21:14:47","modified_gmt":"2025-10-09T18:14:47","slug":"cozum-ortaklari","status":"publish","type":"page","link":"https:\/\/ipekotoservisi.com\/?page_id=23","title":{"rendered":"\u00c7\u00f6z\u00fcm Ortaklar\u0131"},"content":{"rendered":"\n<figure class=\"wp-block-gallery has-nested-images columns-default is-cropped wp-block-gallery-1 is-layout-flex wp-block-gallery-is-layout-flex\">\n<figure class=\"wp-block-image size-full\"><img loading=\"lazy\" decoding=\"async\" width=\"175\" height=\"175\" data-id=\"336\" src=\"https:\/\/ipekotoservisi.com\/wp-content\/uploads\/2025\/10\/2deecd91-43fb-4350-bd2d-f50acec5c004.png\" alt=\"\" class=\"wp-image-336\" srcset=\"https:\/\/ipekotoservisi.com\/wp-content\/uploads\/2025\/10\/2deecd91-43fb-4350-bd2d-f50acec5c004.png 175w, https:\/\/ipekotoservisi.com\/wp-content\/uploads\/2025\/10\/2deecd91-43fb-4350-bd2d-f50acec5c004-150x150.png 150w\" sizes=\"auto, (max-width: 175px) 100vw, 175px\" \/><\/figure>\n\n\n\n<figure class=\"wp-block-image size-full\"><img loading=\"lazy\" decoding=\"async\" width=\"175\" height=\"175\" data-id=\"337\" src=\"https:\/\/ipekotoservisi.com\/wp-content\/uploads\/2025\/10\/2fd8b6cc-0449-49ad-822d-81c2842882dc.png\" alt=\"\" class=\"wp-image-337\" srcset=\"https:\/\/ipekotoservisi.com\/wp-content\/uploads\/2025\/10\/2fd8b6cc-0449-49ad-822d-81c2842882dc.png 175w, https:\/\/ipekotoservisi.com\/wp-content\/uploads\/2025\/10\/2fd8b6cc-0449-49ad-822d-81c2842882dc-150x150.png 150w\" sizes=\"auto, (max-width: 175px) 100vw, 175px\" \/><\/figure>\n\n\n\n<figure class=\"wp-block-image size-full\"><img loading=\"lazy\" decoding=\"async\" width=\"175\" height=\"175\" data-id=\"339\" src=\"https:\/\/ipekotoservisi.com\/wp-content\/uploads\/2025\/10\/4cb16e98-803c-4ed7-8c38-e06acdba88fb.png\" alt=\"\" class=\"wp-image-339\" srcset=\"https:\/\/ipekotoservisi.com\/wp-content\/uploads\/2025\/10\/4cb16e98-803c-4ed7-8c38-e06acdba88fb.png 175w, https:\/\/ipekotoservisi.com\/wp-content\/uploads\/2025\/10\/4cb16e98-803c-4ed7-8c38-e06acdba88fb-150x150.png 150w\" sizes=\"auto, (max-width: 175px) 100vw, 175px\" \/><\/figure>\n\n\n\n<figure class=\"wp-block-image size-full\"><img loading=\"lazy\" decoding=\"async\" width=\"175\" height=\"175\" data-id=\"340\" src=\"https:\/\/ipekotoservisi.com\/wp-content\/uploads\/2025\/10\/05a9bd55-13d8-44c6-af72-e3a30c04be8b.png\" alt=\"\" class=\"wp-image-340\" srcset=\"https:\/\/ipekotoservisi.com\/wp-content\/uploads\/2025\/10\/05a9bd55-13d8-44c6-af72-e3a30c04be8b.png 175w, https:\/\/ipekotoservisi.com\/wp-content\/uploads\/2025\/10\/05a9bd55-13d8-44c6-af72-e3a30c04be8b-150x150.png 150w\" sizes=\"auto, (max-width: 175px) 100vw, 175px\" \/><\/figure>\n\n\n\n<figure class=\"wp-block-image size-full\"><img loading=\"lazy\" decoding=\"async\" width=\"175\" height=\"175\" data-id=\"341\" src=\"https:\/\/ipekotoservisi.com\/wp-content\/uploads\/2025\/10\/5c1934b4-8047-4ebb-b380-90ab13114bf2.png\" alt=\"\" class=\"wp-image-341\" srcset=\"https:\/\/ipekotoservisi.com\/wp-content\/uploads\/2025\/10\/5c1934b4-8047-4ebb-b380-90ab13114bf2.png 175w, https:\/\/ipekotoservisi.com\/wp-content\/uploads\/2025\/10\/5c1934b4-8047-4ebb-b380-90ab13114bf2-150x150.png 150w\" sizes=\"auto, (max-width: 175px) 100vw, 175px\" \/><\/figure>\n\n\n\n<figure class=\"wp-block-image size-full\"><img loading=\"lazy\" decoding=\"async\" width=\"175\" height=\"175\" data-id=\"342\" src=\"https:\/\/ipekotoservisi.com\/wp-content\/uploads\/2025\/10\/6afb6042-6034-43a8-bf84-31ad6c9cb844.png\" alt=\"\" class=\"wp-image-342\" srcset=\"https:\/\/ipekotoservisi.com\/wp-content\/uploads\/2025\/10\/6afb6042-6034-43a8-bf84-31ad6c9cb844.png 175w, https:\/\/ipekotoservisi.com\/wp-content\/uploads\/2025\/10\/6afb6042-6034-43a8-bf84-31ad6c9cb844-150x150.png 150w\" sizes=\"auto, (max-width: 175px) 100vw, 175px\" \/><\/figure>\n\n\n\n<figure class=\"wp-block-image size-full\"><img loading=\"lazy\" decoding=\"async\" width=\"175\" height=\"175\" data-id=\"343\" src=\"https:\/\/ipekotoservisi.com\/wp-content\/uploads\/2025\/10\/20f9b8f6-673f-4a6a-abc1-c6b6d4297d16.png\" alt=\"\" class=\"wp-image-343\" srcset=\"https:\/\/ipekotoservisi.com\/wp-content\/uploads\/2025\/10\/20f9b8f6-673f-4a6a-abc1-c6b6d4297d16.png 175w, https:\/\/ipekotoservisi.com\/wp-content\/uploads\/2025\/10\/20f9b8f6-673f-4a6a-abc1-c6b6d4297d16-150x150.png 150w\" sizes=\"auto, (max-width: 175px) 100vw, 175px\" \/><\/figure>\n\n\n\n<figure class=\"wp-block-image size-full\"><img loading=\"lazy\" decoding=\"async\" width=\"175\" height=\"175\" data-id=\"344\" src=\"https:\/\/ipekotoservisi.com\/wp-content\/uploads\/2025\/10\/33def821-e072-4394-90e0-51344369e598.png\" alt=\"\" class=\"wp-image-344\" srcset=\"https:\/\/ipekotoservisi.com\/wp-content\/uploads\/2025\/10\/33def821-e072-4394-90e0-51344369e598.png 175w, https:\/\/ipekotoservisi.com\/wp-content\/uploads\/2025\/10\/33def821-e072-4394-90e0-51344369e598-150x150.png 150w\" sizes=\"auto, (max-width: 175px) 100vw, 175px\" \/><\/figure>\n\n\n\n<figure class=\"wp-block-image size-full\"><img loading=\"lazy\" decoding=\"async\" width=\"175\" height=\"175\" data-id=\"345\" src=\"https:\/\/ipekotoservisi.com\/wp-content\/uploads\/2025\/10\/98c74132-e296-41d0-9f13-f00d2e214b48.png\" alt=\"\" class=\"wp-image-345\" srcset=\"https:\/\/ipekotoservisi.com\/wp-content\/uploads\/2025\/10\/98c74132-e296-41d0-9f13-f00d2e214b48.png 175w, https:\/\/ipekotoservisi.com\/wp-content\/uploads\/2025\/10\/98c74132-e296-41d0-9f13-f00d2e214b48-150x150.png 150w\" sizes=\"auto, (max-width: 175px) 100vw, 175px\" \/><\/figure>\n\n\n\n<figure class=\"wp-block-image size-full\"><img loading=\"lazy\" decoding=\"async\" width=\"175\" height=\"175\" data-id=\"346\" src=\"https:\/\/ipekotoservisi.com\/wp-content\/uploads\/2025\/10\/357e3650-f573-4067-906b-c2e3f4a3e41d.png\" alt=\"\" class=\"wp-image-346\" srcset=\"https:\/\/ipekotoservisi.com\/wp-content\/uploads\/2025\/10\/357e3650-f573-4067-906b-c2e3f4a3e41d.png 175w, https:\/\/ipekotoservisi.com\/wp-content\/uploads\/2025\/10\/357e3650-f573-4067-906b-c2e3f4a3e41d-150x150.png 150w\" sizes=\"auto, (max-width: 175px) 100vw, 175px\" \/><\/figure>\n\n\n\n<figure class=\"wp-block-image size-full\"><img loading=\"lazy\" decoding=\"async\" width=\"175\" height=\"175\" data-id=\"347\" src=\"https:\/\/ipekotoservisi.com\/wp-content\/uploads\/2025\/10\/761dd966-7fad-4598-96a0-93d43f2348e3.png\" alt=\"\" class=\"wp-image-347\" srcset=\"https:\/\/ipekotoservisi.com\/wp-content\/uploads\/2025\/10\/761dd966-7fad-4598-96a0-93d43f2348e3.png 175w, https:\/\/ipekotoservisi.com\/wp-content\/uploads\/2025\/10\/761dd966-7fad-4598-96a0-93d43f2348e3-150x150.png 150w\" sizes=\"auto, (max-width: 175px) 100vw, 175px\" \/><\/figure>\n\n\n\n<figure class=\"wp-block-image size-full\"><img loading=\"lazy\" decoding=\"async\" width=\"175\" height=\"175\" data-id=\"348\" src=\"https:\/\/ipekotoservisi.com\/wp-content\/uploads\/2025\/10\/954a1f3b-3b7f-4dd2-9c8b-d92ff7e4c1fe.png\" alt=\"\" class=\"wp-image-348\" srcset=\"https:\/\/ipekotoservisi.com\/wp-content\/uploads\/2025\/10\/954a1f3b-3b7f-4dd2-9c8b-d92ff7e4c1fe.png 175w, https:\/\/ipekotoservisi.com\/wp-content\/uploads\/2025\/10\/954a1f3b-3b7f-4dd2-9c8b-d92ff7e4c1fe-150x150.png 150w\" sizes=\"auto, (max-width: 175px) 100vw, 175px\" \/><\/figure>\n\n\n\n<figure class=\"wp-block-image size-full\"><img loading=\"lazy\" decoding=\"async\" width=\"175\" height=\"175\" data-id=\"349\" src=\"https:\/\/ipekotoservisi.com\/wp-content\/uploads\/2025\/10\/51977a91-0f8c-40c5-b2de-5e805670e069.png\" alt=\"\" class=\"wp-image-349\" srcset=\"https:\/\/ipekotoservisi.com\/wp-content\/uploads\/2025\/10\/51977a91-0f8c-40c5-b2de-5e805670e069.png 175w, https:\/\/ipekotoservisi.com\/wp-content\/uploads\/2025\/10\/51977a91-0f8c-40c5-b2de-5e805670e069-150x150.png 150w\" sizes=\"auto, (max-width: 175px) 100vw, 175px\" \/><\/figure>\n\n\n\n<figure class=\"wp-block-image size-full\"><img loading=\"lazy\" decoding=\"async\" width=\"175\" height=\"175\" data-id=\"350\" src=\"https:\/\/ipekotoservisi.com\/wp-content\/uploads\/2025\/10\/58565e10-cfb8-4144-a995-fa2c34e66a7f.png\" alt=\"\" class=\"wp-image-350\" srcset=\"https:\/\/ipekotoservisi.com\/wp-content\/uploads\/2025\/10\/58565e10-cfb8-4144-a995-fa2c34e66a7f.png 175w, https:\/\/ipekotoservisi.com\/wp-content\/uploads\/2025\/10\/58565e10-cfb8-4144-a995-fa2c34e66a7f-150x150.png 150w\" sizes=\"auto, (max-width: 175px) 100vw, 175px\" \/><\/figure>\n\n\n\n<figure class=\"wp-block-image size-full\"><img loading=\"lazy\" decoding=\"async\" width=\"175\" height=\"175\" data-id=\"351\" src=\"https:\/\/ipekotoservisi.com\/wp-content\/uploads\/2025\/10\/67484131-68f5-462f-b4ea-db74895685b6.png\" alt=\"\" class=\"wp-image-351\" srcset=\"https:\/\/ipekotoservisi.com\/wp-content\/uploads\/2025\/10\/67484131-68f5-462f-b4ea-db74895685b6.png 175w, https:\/\/ipekotoservisi.com\/wp-content\/uploads\/2025\/10\/67484131-68f5-462f-b4ea-db74895685b6-150x150.png 150w\" sizes=\"auto, (max-width: 175px) 100vw, 175px\" \/><\/figure>\n\n\n\n<figure class=\"wp-block-image size-full\"><img loading=\"lazy\" decoding=\"async\" width=\"175\" height=\"175\" data-id=\"352\" src=\"https:\/\/ipekotoservisi.com\/wp-content\/uploads\/2025\/10\/d5d10ace-f369-4dae-885b-6bfaafaedfbb.png\" alt=\"\" class=\"wp-image-352\" srcset=\"https:\/\/ipekotoservisi.com\/wp-content\/uploads\/2025\/10\/d5d10ace-f369-4dae-885b-6bfaafaedfbb.png 175w, https:\/\/ipekotoservisi.com\/wp-content\/uploads\/2025\/10\/d5d10ace-f369-4dae-885b-6bfaafaedfbb-150x150.png 150w\" sizes=\"auto, (max-width: 175px) 100vw, 175px\" \/><\/figure>\n\n\n\n<figure class=\"wp-block-image size-full\"><img loading=\"lazy\" decoding=\"async\" width=\"175\" height=\"175\" data-id=\"353\" src=\"https:\/\/ipekotoservisi.com\/wp-content\/uploads\/2025\/10\/e03c8e8a-929c-45f9-924e-403509947e32.png\" alt=\"\" class=\"wp-image-353\" srcset=\"https:\/\/ipekotoservisi.com\/wp-content\/uploads\/2025\/10\/e03c8e8a-929c-45f9-924e-403509947e32.png 175w, https:\/\/ipekotoservisi.com\/wp-content\/uploads\/2025\/10\/e03c8e8a-929c-45f9-924e-403509947e32-150x150.png 150w\" sizes=\"auto, (max-width: 175px) 100vw, 175px\" \/><\/figure>\n\n\n\n<figure class=\"wp-block-image size-full\"><img loading=\"lazy\" decoding=\"async\" width=\"175\" height=\"175\" data-id=\"354\" src=\"https:\/\/ipekotoservisi.com\/wp-content\/uploads\/2025\/10\/e8d64d21-4bc4-48c7-800e-b3ddf86fd870.png\" alt=\"\" class=\"wp-image-354\" srcset=\"https:\/\/ipekotoservisi.com\/wp-content\/uploads\/2025\/10\/e8d64d21-4bc4-48c7-800e-b3ddf86fd870.png 175w, https:\/\/ipekotoservisi.com\/wp-content\/uploads\/2025\/10\/e8d64d21-4bc4-48c7-800e-b3ddf86fd870-150x150.png 150w\" sizes=\"auto, (max-width: 175px) 100vw, 175px\" \/><\/figure>\n\n\n\n<figure class=\"wp-block-image size-full\"><img loading=\"lazy\" decoding=\"async\" width=\"175\" height=\"175\" data-id=\"355\" src=\"https:\/\/ipekotoservisi.com\/wp-content\/uploads\/2025\/10\/f982ba9d-5fbb-4f0f-a580-953964b01940.png\" alt=\"\" class=\"wp-image-355\" srcset=\"https:\/\/ipekotoservisi.com\/wp-content\/uploads\/2025\/10\/f982ba9d-5fbb-4f0f-a580-953964b01940.png 175w, https:\/\/ipekotoservisi.com\/wp-content\/uploads\/2025\/10\/f982ba9d-5fbb-4f0f-a580-953964b01940-150x150.png 150w\" sizes=\"auto, (max-width: 175px) 100vw, 175px\" \/><\/figure>\n\n\n\n<figure class=\"wp-block-image size-full\"><img loading=\"lazy\" decoding=\"async\" width=\"175\" height=\"175\" data-id=\"356\" src=\"https:\/\/ipekotoservisi.com\/wp-content\/uploads\/2025\/10\/fbcddcc7-89bd-4c48-9847-1c4dde080775.png\" alt=\"\" class=\"wp-image-356\" srcset=\"https:\/\/ipekotoservisi.com\/wp-content\/uploads\/2025\/10\/fbcddcc7-89bd-4c48-9847-1c4dde080775.png 175w, https:\/\/ipekotoservisi.com\/wp-content\/uploads\/2025\/10\/fbcddcc7-89bd-4c48-9847-1c4dde080775-150x150.png 150w\" sizes=\"auto, (max-width: 175px) 100vw, 175px\" \/><\/figure>\n\n\n\n<figure class=\"wp-block-image size-full\"><img loading=\"lazy\" decoding=\"async\" width=\"175\" height=\"175\" data-id=\"357\" src=\"https:\/\/ipekotoservisi.com\/wp-content\/uploads\/2025\/10\/092b7727-39d2-46b3-a9c2-6f0848078b04.png\" alt=\"\" class=\"wp-image-357\" srcset=\"https:\/\/ipekotoservisi.com\/wp-content\/uploads\/2025\/10\/092b7727-39d2-46b3-a9c2-6f0848078b04.png 175w, https:\/\/ipekotoservisi.com\/wp-content\/uploads\/2025\/10\/092b7727-39d2-46b3-a9c2-6f0848078b04-150x150.png 150w\" sizes=\"auto, (max-width: 175px) 100vw, 175px\" \/><\/figure>\n<\/figure>\n","protected":false},"excerpt":{"rendered":"","protected":false},"author":1,"featured_media":0,"parent":0,"menu_order":0,"comment_status":"closed","ping_status":"closed","template":"pages\/page-references.php","meta":{"footnotes":""},"class_list":["post-23","page","type-page","status-publish","hentry"],"_links":{"self":[{"href":"https:\/\/ipekotoservisi.com\/index.php?rest_route=\/wp\/v2\/pages\/23","targetHints":{"allow":["GET"]}}],"collection":[{"href":"https:\/\/ipekotoservisi.com\/index.php?rest_route=\/wp\/v2\/pages"}],"about":[{"href":"https:\/\/ipekotoservisi.com\/index.php?rest_route=\/wp\/v2\/types\/page"}],"author":[{"embeddable":true,"href":"https:\/\/ipekotoservisi.com\/index.php?rest_route=\/wp\/v2\/users\/1"}],"replies":[{"embeddable":true,"href":"https:\/\/ipekotoservisi.com\/index.php?rest_route=%2Fwp%2Fv2%2Fcomments&post=23"}],"version-history":[{"count":5,"href":"https:\/\/ipekotoservisi.com\/index.php?rest_route=\/wp\/v2\/pages\/23\/revisions"}],"predecessor-version":[{"id":358,"href":"https:\/\/ipekotoservisi.com\/index.php?rest_route=\/wp\/v2\/pages\/23\/revisions\/358"}],"wp:attachment":[{"href":"https:\/\/ipekotoservisi.com\/index.php?rest_route=%2Fwp%2Fv2%2Fmedia&parent=23"}],"curies":[{"name":"wp","href":"https:\/\/api.w.org\/{rel}","templated":true}]}}