{"id":52,"date":"2020-06-03T19:33:07","date_gmt":"2020-06-03T16:33:07","guid":{"rendered":"http:\/\/demo.safirtema.com\/rota\/?page_id=52"},"modified":"2025-10-10T17:56:36","modified_gmt":"2025-10-10T14:56:36","slug":"sikca-sorulan-sorular","status":"publish","type":"page","link":"https:\/\/ipekotoservisi.com\/?page_id=52","title":{"rendered":"S\u0131k\u00e7a Sorulan Sorular"},"content":{"rendered":"\n<p>Bu sayfada\u00a0\u0130pek Oto Servise gelen sorular yan\u0131tlanmaktad\u0131r. Sizin de akl\u0131n\u0131za tak\u0131lan sorunuz var ise bize ula\u015fabilirsiniz. <\/p>\n\n\n\n<div class=\"wp-block-safirtema-sorucevap safir-faq\"><div class=\"question\"><div class=\"icon\"><\/div><span class=\"text\">Periyodik Bak\u0131mlarda Hangi Par\u00e7alar\u0131 De\u011fi\u015ftiriyorsunuz ?<\/span><div class=\"openclose plus\"><\/div><\/div><p class=\"answer\">Her arac\u0131n periyodik bak\u0131mlar\u0131nda de\u011fi\u015fmesi gereken par\u00e7alar farkl\u0131l\u0131k g\u00f6sterebilir. Periyodik balk\u0131mlar ana bak\u0131m ve ara bak\u0131m olarak 2 ye ayr\u0131l\u0131r. Ara bak\u0131mda sadece motor ya\u011f ve ya\u011f filtresi de\u011fi\u015fir, ana bak\u0131mda motor ya\u011f ve t\u00fcm filtreleri de\u011fi\u015ftiriyoruz. Ayr\u0131ca bak\u0131mda yap\u0131lmas\u0131 gereken t\u00fcm i\u015flemleri yap\u0131yoruz.<\/p><\/div>\n\n\n\n<div class=\"wp-block-safirtema-sorucevap safir-faq\"><div class=\"question\"><div class=\"icon\"><\/div><span class=\"text\">Arac\u0131m\u0131n Bak\u0131m\u0131 Yapt\u0131rmak \u0130\u00e7in Ne Yapmam Gerekiyor ?<\/span><div class=\"openclose plus\"><\/div><\/div><p class=\"answer\">\u0130lk olarak bizden randevu olu\u015fturman\u0131z gerekiyor. Randevu olu\u015fturduktan sonra teyit i\u00e7in sizi arayaca\u011f\u0131z. Randevu onayland\u0131ktan sonra 1 saat i\u00e7inde veya sizin belirledi\u011finiz zamanda ve yerde arac\u0131n\u0131z\u0131n bak\u0131m\u0131n\u0131 yapabilmekteyiz.<\/p><\/div>\n\n\n\n<div class=\"wp-block-safirtema-sorucevap safir-faq\"><div class=\"question\"><div class=\"icon\"><\/div><span class=\"text\">Bask\u0131 Balata De\u011fi\u015fimi \u0130\u00e7in Ne Yapmam Gerekiyor ?<\/span><div class=\"openclose plus\"><\/div><\/div><p class=\"answer\">Bask\u0131 balata de\u011fi\u015fimi i\u00e7inde ayn\u0131 \u015fekilde servisimize gelmeniz gerekiyor. Bask\u0131 balata de\u011fi\u015fimide a\u011f\u0131r bak\u0131m olarak bilinmektedir. Bunun i\u00e7in arac\u0131n\u0131z ortalama 1 i\u015f g\u00fcn\u00fc kalmas\u0131 gerekmektedir.<\/p><\/div>\n\n\n\n<div class=\"wp-block-safirtema-sorucevap safir-faq\"><div class=\"question\"><div class=\"icon\"><\/div><span class=\"text\">Arac\u0131m\u0131n garantisinin ge\u00e7erli olmas\u0131 i\u00e7in ne yapmal\u0131y\u0131m?<\/span><div class=\"openclose plus\"><\/div><\/div><p class=\"answer\">Arac\u0131n\u0131za, kullan\u0131c\u0131 el kitab\u0131nda veya garanti kitap\u00e7\u0131\u011f\u0131nda belirtilen aral\u0131klarla servis verildi\u011finden emin olun ve arac\u0131n\u0131z\u0131n bak\u0131m\u0131n\u0131n a\u00e7\u0131k kay\u0131tlar\u0131n\u0131 tutun. Faturada kay\u0131tl\u0131 tarih, par\u00e7a, ara\u00e7 kimlik numaras\u0131 ve kilometreyi ekledi\u011finizden emin olun. Makbuzlar\u0131n\u0131z\u0131 g\u00fcvenli bir yerde saklay\u0131n. Kullan\u0131c\u0131 el kitab\u0131nda veya garanti kitap\u00e7\u0131\u011f\u0131nda bir servis g\u00fcnl\u00fc\u011f\u00fc varsa, kullanman\u0131z\u0131 tavsiye ederiz.<\/p><\/div>\n\n\n\n<div class=\"wp-block-safirtema-sorucevap safir-faq\"><div class=\"question\"><div class=\"icon\"><\/div><span class=\"text\">Antifriz ne s\u0131kl\u0131kla de\u011fi\u015ftirilmelidir?<\/span><div class=\"openclose plus\"><\/div><\/div><p class=\"answer\">Antifriz, \u00f6nemli katk\u0131 maddelerinin oksidasyonu ve bozulmas\u0131 nedeniyle her iki y\u0131lda bir de\u011fi\u015ftirilmelidir. Bu katk\u0131 maddeleri su pompas\u0131n\u0131 ya\u011flar ve metal par\u00e7alar\u0131 pas ve oksidasyondan korur. Ayr\u0131ca so\u011futucu hortumlar\u0131n\u0131n yumu\u015fak ve esnek kalmas\u0131na yard\u0131mc\u0131 olurlar. Motor \u00e7al\u0131\u015fma s\u0131cakl\u0131klar\u0131n\u0131 uygun aral\u0131kta tutmak i\u00e7in motor termostat\u0131 da her 2 y\u0131lda bir de\u011fi\u015ftirilmelidir.<\/p><\/div>\n\n\n\n<div class=\"wp-block-safirtema-sorucevap safir-faq\"><div class=\"question\"><div class=\"icon\"><\/div><span class=\"text\">Fren Hidroli\u011fi De\u011fi\u015fmesi Gerekiyormu ?<\/span><div class=\"openclose plus\"><\/div><\/div><p class=\"answer\">Ortalama bir s\u00fcr\u00fcc\u00fc frenlerini y\u0131lda 75.000 kez kullan\u0131r ve her seferinde \u00e7al\u0131\u015facaklar\u0131n\u0131 kabul eder. G\u00fcn\u00fcm\u00fcz\u00fcn fren sistemleri hidroliktir ve hidrofilik olan fren s\u0131v\u0131s\u0131n\u0131 kullan\u0131r, yani havadan nemi emebilir. Hidrolik sistemde nem oldu\u011funda, korozyon meydana gelir ve fren par\u00e7alar\u0131 ar\u0131zalan\u0131r. Korozyonu kontrol alt\u0131nda tutmak i\u00e7in fren hidroli\u011fi periyodik olarak de\u011fi\u015ftirilmelidir. Bu prosed\u00fcr pahal\u0131 de\u011fildir ve bir\u00e7ok \u00f6nleyici\u00a0 bak\u0131m program\u0131na dahil edilmi\u015ftir.<\/p><\/div>\n\n\n\n<div class=\"wp-block-safirtema-sorucevap safir-faq\"><div class=\"question\"><div class=\"icon\"><\/div><span class=\"text\">Ar\u0131za Tespiti \u00dccretli Mi?<\/span><div class=\"openclose plus\"><\/div><\/div><p class=\"answer\">Ar\u0131za tespiti bilgisayarl\u0131 cihazlarla detayl\u0131 \u015fekilde yap\u0131l\u0131r ve \u00fccretlidir. Ancak arac\u0131n\u0131za yap\u0131lacak i\u015flemi biz \u00fcstleniyorsak, ar\u0131za tespit \u00fccreti genellikle toplam hizmet bedeline d\u00e2hil edilir.<\/p><\/div>\n\n\n\n<div class=\"wp-block-safirtema-sorucevap safir-faq\"><div class=\"question\"><div class=\"icon\"><\/div><span class=\"text\">Bak\u0131m Yapt\u0131rmak \u0130\u00e7in Belirli Bir Kilometre S\u0131n\u0131r\u0131 Var M\u0131?<\/span><div class=\"openclose plus\"><\/div><\/div><p class=\"answer\">Genel olarak her 10.000 \u2013 15.000 km\u2019de bir periyodik bak\u0131m \u00f6nerilir. Ancak arac\u0131n ya\u015f\u0131, kullan\u0131m s\u0131kl\u0131\u011f\u0131 ve motor tipi gibi fakt\u00f6rlere g\u00f6re bu s\u00fcre de\u011fi\u015febilir. En do\u011fru bilgi i\u00e7in servisimize u\u011frayabilirsiniz.<\/p><\/div>\n\n\n\n<div class=\"wp-block-safirtema-sorucevap safir-faq\"><div class=\"question\"><div class=\"icon\"><\/div><span class=\"text\">Oto Tamirine Randevu Almadan Gelebilir Miyim?<\/span><div class=\"openclose plus\"><\/div><\/div><p class=\"answer\">Evet, servisimize randevusuz da gelebilirsiniz. Ancak yo\u011funlu\u011fa ba\u011fl\u0131 olarak bekleme s\u00fcresi ya\u015fanabilir. Vakit kazanmak isterseniz \u00f6nceden aray\u0131p randevu alman\u0131z her zaman avantaj sa\u011flar.<\/p><\/div>\n\n\n\n<p><\/p>\n","protected":false},"excerpt":{"rendered":"<p>Bu sayfada\u00a0\u0130pek Oto Servise gelen sorular yan\u0131tlanmaktad\u0131r. Sizin de akl\u0131n\u0131za tak\u0131lan sorunuz var ise bize ula\u015fabilirsiniz.<\/p>\n","protected":false},"author":1,"featured_media":0,"parent":0,"menu_order":0,"comment_status":"closed","ping_status":"closed","template":"","meta":{"footnotes":""},"class_list":["post-52","page","type-page","status-publish","hentry"],"_links":{"self":[{"href":"https:\/\/ipekotoservisi.com\/index.php?rest_route=\/wp\/v2\/pages\/52","targetHints":{"allow":["GET"]}}],"collection":[{"href":"https:\/\/ipekotoservisi.com\/index.php?rest_route=\/wp\/v2\/pages"}],"about":[{"href":"https:\/\/ipekotoservisi.com\/index.php?rest_route=\/wp\/v2\/types\/page"}],"author":[{"embeddable":true,"href":"https:\/\/ipekotoservisi.com\/index.php?rest_route=\/wp\/v2\/users\/1"}],"replies":[{"embeddable":true,"href":"https:\/\/ipekotoservisi.com\/index.php?rest_route=%2Fwp%2Fv2%2Fcomments&post=52"}],"version-history":[{"count":2,"href":"https:\/\/ipekotoservisi.com\/index.php?rest_route=\/wp\/v2\/pages\/52\/revisions"}],"predecessor-version":[{"id":368,"href":"https:\/\/ipekotoservisi.com\/index.php?rest_route=\/wp\/v2\/pages\/52\/revisions\/368"}],"wp:attachment":[{"href":"https:\/\/ipekotoservisi.com\/index.php?rest_route=%2Fwp%2Fv2%2Fmedia&parent=52"}],"curies":[{"name":"wp","href":"https:\/\/api.w.org\/{rel}","templated":true}]}}