{"id":82,"date":"2020-06-03T20:55:10","date_gmt":"2020-06-03T17:55:10","guid":{"rendered":"http:\/\/demo.safirtema.com\/rota\/?page_id=82"},"modified":"2025-10-09T20:25:54","modified_gmt":"2025-10-09T17:25:54","slug":"hakkimizda","status":"publish","type":"page","link":"https:\/\/ipekotoservisi.com\/?page_id=82","title":{"rendered":"Hakk\u0131m\u0131zda"},"content":{"rendered":"\n<h2 class=\"wp-block-heading\">Hakk\u0131m\u0131zda<\/h2>\n\n\n\n<p>\u0130pek Oto Servis olarak, Malatya ve \u00e7evresinde 5 y\u0131l\u0131 a\u015fk\u0131n s\u00fcredir otomotiv bak\u0131m ve onar\u0131m sekt\u00f6r\u00fcnde hizmet vermekteyiz. Y\u0131llar\u0131n verdi\u011fi deneyim ve m\u00fc\u015fteri memnuniyeti odakl\u0131 yakla\u015f\u0131m\u0131m\u0131zla sekt\u00f6rde g\u00fcvenilir bir isim olmay\u0131 ba\u015fard\u0131k. <br>Kurulu\u015fumuzdan bu yana temel \u00f6nceli\u011fimiz, y\u00fcksek kaliteli hizmeti en uygun fiyatlarla sunmak olmu\u015ftur. Geli\u015fen teknolojiyi yak\u0131ndan takip ederek hem mekanik hem elektronik sistemlerde en g\u00fcncel \u00e7\u00f6z\u00fcmleri sizlere sunuyoruz. <br>Ara\u00e7lar\u0131n\u0131z\u0131n t\u00fcm tamir ve bak\u0131m i\u015flemleri, alan\u0131nda uzman ekibimiz taraf\u0131ndan titizlikle ger\u00e7ekle\u015ftirilir.<br>\u0130pek Oto Servisi, motor ve \u015fanz\u0131man tamiri gibi teknik hizmetlerde uzmanla\u015fm\u0131\u015f, ara\u00e7 bak\u0131m ve onar\u0131m\u0131 konusunda sekt\u00f6r lideri bir servistir. <br>Malatya&#8217;da bulunan at\u00f6lyemiz, son teknoloji ekipmanlar ve deneyimli teknisyenlerimizle arac\u0131n\u0131z\u0131n ihtiya\u00e7 duydu\u011fu her t\u00fcrl\u00fc hizmeti h\u0131zl\u0131, g\u00fcvenilir ve profesyonel bir \u015fekilde sunar.<\/p>\n\n\n\n<h2 class=\"wp-block-heading\">Vizyonumuz<\/h2>\n\n\n\n<p>Otomotiv bak\u0131m ve onar\u0131m sekt\u00f6r\u00fcnde \u00f6nc\u00fc bir kurulu\u015f olarak, teknolojik yeniliklerle donat\u0131lm\u0131\u015f, g\u00fcvenilir ve sayg\u0131n bir marka olmay\u0131 hedefliyoruz. M\u00fc\u015fterilerimizin ve i\u015f ortaklar\u0131m\u0131z\u0131n ilk tercihi olmak i\u00e7in s\u00fcrekli olarak kendimizi geli\u015ftirerek, sekt\u00f6r\u00fcm\u00fczde kalite ve m\u00fc\u015fteri odakl\u0131 hizmet anlay\u0131\u015f\u0131n\u0131 en \u00fcst seviyeye ta\u015f\u0131may\u0131 vizyonumuz olarak belirledik. \u0130pek Oto Servisi, gelecekte de uzman kadrosu ve yenilik\u00e7i hizmetleri ile sekt\u00f6r\u00fcn liderleri aras\u0131nda yer almay\u0131 ama\u00e7lamaktad\u0131r.<\/p>\n\n\n\n<h2 class=\"wp-block-heading\">Misyonumuz<\/h2>\n\n\n\n<p>\u0130pek Oto Servisi Otomotiv olarak, m\u00fc\u015fterilerimizin g\u00fcvenli ve sorunsuz bir s\u00fcr\u00fc\u015f deneyimi ya\u015famalar\u0131n\u0131 sa\u011flamak amac\u0131yla kaliteli, g\u00fcvenilir ve profesyonel hizmetler sunuyoruz. Oto tamir, bak\u0131m ve onar\u0131m s\u00fcre\u00e7lerinde yenilik\u00e7i teknolojiler ve uzman kadromuzla en y\u00fcksek standartlarda hizmet vererek m\u00fc\u015fteri memnuniyetini en \u00fcst d\u00fczeye \u00e7\u0131karmay\u0131 hedefliyoruz. Sekt\u00f6rdeki geli\u015fmeleri yak\u0131ndan takip ederek, her m\u00fc\u015fterimizin arac\u0131n\u0131 en iyi ko\u015fullarda yollara d\u00f6nd\u00fcrmeyi misyon edindik.<\/p>\n","protected":false},"excerpt":{"rendered":"<p>Hakk\u0131m\u0131zda \u0130pek Oto Servis olarak, Malatya ve \u00e7evresinde 5 y\u0131l\u0131 a\u015fk\u0131n s\u00fcredir otomotiv bak\u0131m ve onar\u0131m sekt\u00f6r\u00fcnde hizmet vermekteyiz. Y\u0131llar\u0131n verdi\u011fi deneyim ve m\u00fc\u015fteri memnuniyeti odakl\u0131 yakla\u015f\u0131m\u0131m\u0131zla sekt\u00f6rde g\u00fcvenilir bir isim olmay\u0131 ba\u015fard\u0131k. Kurulu\u015fumuzdan bu yana temel \u00f6nceli\u011fimiz, y\u00fcksek kaliteli hizmeti en uygun fiyatlarla sunmak olmu\u015ftur. Geli\u015fen teknolojiyi yak\u0131ndan takip ederek hem mekanik hem elektronik [&hellip;]<\/p>\n","protected":false},"author":1,"featured_media":0,"parent":0,"menu_order":0,"comment_status":"closed","ping_status":"closed","template":"","meta":{"footnotes":""},"class_list":["post-82","page","type-page","status-publish","hentry"],"_links":{"self":[{"href":"https:\/\/ipekotoservisi.com\/index.php?rest_route=\/wp\/v2\/pages\/82","targetHints":{"allow":["GET"]}}],"collection":[{"href":"https:\/\/ipekotoservisi.com\/index.php?rest_route=\/wp\/v2\/pages"}],"about":[{"href":"https:\/\/ipekotoservisi.com\/index.php?rest_route=\/wp\/v2\/types\/page"}],"author":[{"embeddable":true,"href":"https:\/\/ipekotoservisi.com\/index.php?rest_route=\/wp\/v2\/users\/1"}],"replies":[{"embeddable":true,"href":"https:\/\/ipekotoservisi.com\/index.php?rest_route=%2Fwp%2Fv2%2Fcomments&post=82"}],"version-history":[{"count":7,"href":"https:\/\/ipekotoservisi.com\/index.php?rest_route=\/wp\/v2\/pages\/82\/revisions"}],"predecessor-version":[{"id":311,"href":"https:\/\/ipekotoservisi.com\/index.php?rest_route=\/wp\/v2\/pages\/82\/revisions\/311"}],"wp:attachment":[{"href":"https:\/\/ipekotoservisi.com\/index.php?rest_route=%2Fwp%2Fv2%2Fmedia&parent=82"}],"curies":[{"name":"wp","href":"https:\/\/api.w.org\/{rel}","templated":true}]}}